{"id":125,"date":"2017-02-23T15:30:16","date_gmt":"2017-02-23T15:30:16","guid":{"rendered":"http:\/\/www.demo-ninetheme.com\/agricom\/?page_id=125"},"modified":"2022-05-20T06:34:06","modified_gmt":"2022-05-20T06:34:06","slug":"blog","status":"publish","type":"page","link":"https:\/\/apaco-vn.com\/vi\/blog\/","title":{"rendered":"Domestic Products 1"},"content":{"rendered":"<div class=\"vc_row wpb_row vc_row-fluid\"><div class=\"wpb_column vc_column_container vc_col-sm-12\"><div class=\"vc_column-inner\"><div class=\"wpb_wrapper\">\n\t<div class=\"wpb_text_column wpb_content_element\" >\n\t\t<div class=\"wpb_wrapper\">\n\t\t\t<p>C\u00f4ng ty TNHH S\u1ea3n xu\u1ea5t &amp; Th\u01b0\u01a1ng m\u1ea1i Ch\u00e2u \u00c1 Th\u00e1i B\u00ecnh D\u01b0\u01a1ng (APACO) \u0111\u01b0\u1ee3c th\u00e0nh l\u1eadp n\u0103m 2012, \u00f4ng T\u0103ng Si\u00eau Ph\u00e1t l\u00e0m gi\u00e1m \u0111\u1ed1c.<br \/>\nC\u00f4ng ty APACO chuy\u00ean cung c\u1ea5p c\u00e1c lo\u1ea1i n\u00f4ng s\u1ea3n v\u1edbi ch\u1ea5t l\u01b0\u1ee3ng cao v\u00e0 gi\u00e1 th\u00e0nh t\u1ed1t nh\u1ea5t. V\u1edbi nhi\u1ec1u n\u0103m kinh nghi\u1ec7m trong l\u0129nh v\u1ef1c th\u01b0\u01a1ng m\u1ea1i, s\u1ea3n xu\u1ea5t v\u00e0 xu\u1ea5t kh\u1ea9u c\u00e1c m\u1eb7t h\u00e0ng n\u00f4ng s\u1ea3n: c\u00e1c lo\u1ea1i gia v\u1ecb, rau th\u01a1m nh\u01b0 ti\u00eau \u0111en, \u1edbt, qu\u1ebf, h\u1ed3i, g\u1eebng, ngh\u1ec7, h\u1eb9 t\u01b0\u01a1i, h\u00e0nh phi, t\u1ecfi phi,&#8230;. tr\u00ean th\u1ecb tr\u01b0\u1eddng qu\u1ed1c t\u1ebf. Ch\u00fang t\u00f4i cam k\u1ebft \u0111\u00e1p \u1ee9ng t\u1ed1t nh\u1ea5t y\u00eau c\u1ea7u c\u1ee7a kh\u00e1ch h\u00e0ng.<\/p>\n\n\t\t<\/div>\n\t<\/div>\n<\/div><\/div><\/div><div class=\"wpb_column vc_column_container vc_col-sm-12\"><div class=\"vc_column-inner\"><div class=\"wpb_wrapper\">\n\t<div  class=\"wpb_single_image wpb_content_element vc_align_center  wpb_animate_when_almost_visible wpb_appear appear\">\n\t\t<h2 class=\"wpb_heading wpb_singleimage_heading\">C\u00f4ng Ty TNHH S\u1ea3n Xu\u1ea5t &amp; TM Ch\u00e2u \u00c1 Th\u00e1i B\u00ecnh D\u01b0\u01a1ng (APACO)<\/h2>\n\t\t<figure class=\"wpb_wrapper vc_figure\">\n\t\t\t<a href=\"https:\/\/apaco-vn.com\/wp-content\/uploads\/2018\/10\/adfb-1024x1024.jpg\" target=\"_self\" class=\"vc_single_image-wrapper vc_box_border_circle  vc_box_border_blue\"><img width=\"150\" height=\"150\" src=\"https:\/\/apaco-vn.com\/wp-content\/uploads\/2018\/10\/adfb-150x150.jpg\" class=\"vc_single_image-img attachment-thumbnail\" alt=\"\" loading=\"lazy\" srcset=\"https:\/\/apaco-vn.com\/wp-content\/uploads\/2018\/10\/adfb-150x150.jpg 150w, https:\/\/apaco-vn.com\/wp-content\/uploads\/2018\/10\/adfb-300x300.jpg 300w, https:\/\/apaco-vn.com\/wp-content\/uploads\/2018\/10\/adfb-1024x1024.jpg 1024w, https:\/\/apaco-vn.com\/wp-content\/uploads\/2018\/10\/adfb-768x768.jpg 768w, https:\/\/apaco-vn.com\/wp-content\/uploads\/2018\/10\/adfb-1536x1536.jpg 1536w, https:\/\/apaco-vn.com\/wp-content\/uploads\/2018\/10\/adfb-2048x2048.jpg 2048w\" sizes=\"(max-width: 150px) 100vw, 150px\" \/><\/a>\n\t\t<\/figure>\n\t<\/div>\n<div class=\"wpb_gallery wpb_content_element vc_clearfix\" ><div class=\"wpb_wrapper\"><div class=\"wpb_gallery_slides wpb_image_grid\" data-interval=\"3\"><ul class=\"wpb_image_grid_ul\"><li class=\"isotope-item\"><a class=\"prettyphoto\" href=\"https:\/\/apaco-vn.com\/wp-content\/uploads\/2022\/04\/z2830866310041_a661f5a014b6b1380d294e0fcb21ce65-1024x466.jpg\" data-rel=\"prettyPhoto[rel-125-915530708]\"><img width=\"150\" height=\"150\" src=\"https:\/\/apaco-vn.com\/wp-content\/uploads\/2022\/04\/z2830866310041_a661f5a014b6b1380d294e0fcb21ce65-150x150.jpg\" class=\"attachment-thumbnail\" alt=\"\" loading=\"lazy\" \/><\/a><\/li><li class=\"isotope-item\"><a class=\"prettyphoto\" href=\"https:\/\/apaco-vn.com\/wp-content\/uploads\/2022\/05\/z3282671355239_4ca81700ec9da77cba3eebe1b58fb3961.jpg\" data-rel=\"prettyPhoto[rel-125-915530708]\"><img width=\"150\" height=\"150\" src=\"https:\/\/apaco-vn.com\/wp-content\/uploads\/2022\/05\/z3282671355239_4ca81700ec9da77cba3eebe1b58fb3961-150x150.jpg\" class=\"attachment-thumbnail\" alt=\"\" loading=\"lazy\" srcset=\"https:\/\/apaco-vn.com\/wp-content\/uploads\/2022\/05\/z3282671355239_4ca81700ec9da77cba3eebe1b58fb3961-150x150.jpg 150w, https:\/\/apaco-vn.com\/wp-content\/uploads\/2022\/05\/z3282671355239_4ca81700ec9da77cba3eebe1b58fb3961-300x300.jpg 300w, https:\/\/apaco-vn.com\/wp-content\/uploads\/2022\/05\/z3282671355239_4ca81700ec9da77cba3eebe1b58fb3961.jpg 500w\" sizes=\"(max-width: 150px) 100vw, 150px\" \/><\/a><\/li><li class=\"isotope-item\"><a class=\"prettyphoto\" href=\"https:\/\/apaco-vn.com\/wp-content\/uploads\/2022\/04\/z3199800056185_baee10d5a6df87b8a9d5d3692a4caf10-1024x564.jpg\" data-rel=\"prettyPhoto[rel-125-915530708]\"><img width=\"150\" height=\"150\" src=\"https:\/\/apaco-vn.com\/wp-content\/uploads\/2022\/04\/z3199800056185_baee10d5a6df87b8a9d5d3692a4caf10-150x150.jpg\" class=\"attachment-thumbnail\" alt=\"\" loading=\"lazy\" \/><\/a><\/li><li class=\"isotope-item\"><a class=\"prettyphoto\" href=\"https:\/\/apaco-vn.com\/wp-content\/uploads\/2018\/10\/274750442_2096294663872153_1977578182280112698_n.jpg\" data-rel=\"prettyPhoto[rel-125-915530708]\"><img width=\"150\" height=\"150\" src=\"https:\/\/apaco-vn.com\/wp-content\/uploads\/2018\/10\/274750442_2096294663872153_1977578182280112698_n-150x150.jpg\" class=\"attachment-thumbnail\" alt=\"\" loading=\"lazy\" \/><\/a><\/li><li class=\"isotope-item\"><a class=\"prettyphoto\" href=\"https:\/\/apaco-vn.com\/wp-content\/uploads\/2022\/05\/Gioi-thieu-APACO-1024x1024.jpg\" data-rel=\"prettyPhoto[rel-125-915530708]\"><img width=\"150\" height=\"150\" src=\"https:\/\/apaco-vn.com\/wp-content\/uploads\/2022\/05\/Gioi-thieu-APACO-150x150.jpg\" class=\"attachment-thumbnail\" alt=\"\" loading=\"lazy\" srcset=\"https:\/\/apaco-vn.com\/wp-content\/uploads\/2022\/05\/Gioi-thieu-APACO-150x150.jpg 150w, https:\/\/apaco-vn.com\/wp-content\/uploads\/2022\/05\/Gioi-thieu-APACO-300x300.jpg 300w, https:\/\/apaco-vn.com\/wp-content\/uploads\/2022\/05\/Gioi-thieu-APACO-1024x1024.jpg 1024w, https:\/\/apaco-vn.com\/wp-content\/uploads\/2022\/05\/Gioi-thieu-APACO-768x768.jpg 768w, https:\/\/apaco-vn.com\/wp-content\/uploads\/2022\/05\/Gioi-thieu-APACO-1536x1536.jpg 1536w, https:\/\/apaco-vn.com\/wp-content\/uploads\/2022\/05\/Gioi-thieu-APACO-2048x2048.jpg 2048w\" sizes=\"(max-width: 150px) 100vw, 150px\" \/><\/a><\/li><\/ul><\/div><\/div><\/div>\n\t<div class=\"wpb_text_column wpb_content_element\" >\n\t\t<div class=\"wpb_wrapper\">\n\t\t\t<p>Ch\u00fang t\u00f4i hi\u1ec7n \u0111ang s\u1ea3n xu\u1ea5t cung c\u1ea5p c\u00e1c s\u1ea3n ph\u1ea9m h\u00e0nh phi, t\u1ecfi phi ch\u1ea5t l\u01b0\u1ee3ng t\u1edbi th\u1ecb tr\u01b0\u1eddng ng\u01b0\u1eddi ti\u00eau d\u00f9ng Vi\u1ec7t Nam \u0111ang ng\u00e0y c\u00e0ng ch\u00fa tr\u1ecdng t\u1edbi s\u1ee9c kho\u1ebb, \u0111\u1ec1 cao c\u00e1c lo\u1ea1i th\u1ef1c ph\u1ea9m an to\u00e0n, nguy\u00ean ch\u1ea5t. H\u00e0nh phi APACO \u0111\u01b0\u1ee3c s\u1ea3n xu\u1ea5t tr\u00ean nguy\u00ean t\u1eafc tuy\u1ec3n ch\u1ecdn kh\u1eaft khe t\u1eeb nguy\u00ean li\u1ec7u \u0111\u1ea7u v\u00e0o, \u0111\u1ea3m b\u1ea3o v\u1ec7 sinh an to\u00e0n th\u1ef1c ph\u1ea9m. N\u1ebfu c\u00e1c b\u1ea1n ph\u00e2n v\u00e2n <a href=\"https:\/\/shopee.vn\/apaco.vietnam?categoryId=100629&amp;itemId=11927908736\" target=\"_blank\" rel=\"noreferrer noopener\" data-type=\"URL\" data-id=\"https:\/\/shopee.vn\/product\/147945842\/11927908736\/\">mua h\u00e0nh phi, mua t\u1ecfi phi<\/a> \u1edf \u0111\u00e2u t\u1ea1i S\u00e0i G\u00f2n ch\u1ea5t l\u01b0\u1ee3ng m\u00e0 gi\u00e1 c\u1ea3 c\u1ea1nh tranh th\u00ec \u0111\u1eebng ng\u1ea7n ng\u1ea1i gh\u00e9 th\u0103m x\u01b0\u1edfng s\u1ea3n xu\u1ea5t c\u1ee7a ch\u00fang t\u00f4i t\u1ea1i 48B Nguy\u1ec5n V\u0103n B\u1ee9a, Xu\u00e2n Th\u1edbi S\u01a1n, H\u00f3c M\u00f4n, TP. H\u1ed3 Ch\u00ed Minh.<br \/>\nCh\u00fang t\u00f4i lu\u00f4n s\u1eb5n l\u00f2ng h\u1ee3p t\u00e1c s\u1ea3n xu\u1ea5t v\u1edbi c\u00e1c c\u00e1 nh\u00e2n, doanh nghi\u1ec7p n\u1ed9i \u0111\u1ecba c\u0169ng nh\u01b0 c\u00e1c c\u00f4ng ty c\u00f3 nhu c\u1ea7u cung c\u1ea5p s\u1ed1 l\u01b0\u1ee3ng l\u1edbn h\u00e0nh phi, t\u1ecfi phi xu\u1ea5t kh\u1ea9u sang c\u00e1c th\u1ecb tr\u01b0\u1eddng kh\u00f3 t\u00ednh nh\u1ea5t tr\u00ean th\u1ebf gi\u1edbi.<\/p>\n\n\t\t<\/div>\n\t<\/div>\n<\/div><\/div><\/div><\/div><div class=\"vc_row wpb_row vc_row-fluid\"><div class=\"wpb_column vc_column_container vc_col-sm-12\"><div class=\"vc_column-inner\"><div class=\"wpb_wrapper\"><div class=\"vc-hoverbox-wrapper  H\u00e0nh Phi vc-hoverbox-shape--square vc-hoverbox-align--left vc-hoverbox-direction--reverse vc-hoverbox-width--100\" >\n  <div class=\"vc-hoverbox\">\n    <div class=\"vc-hoverbox-inner\">\n      <div class=\"vc-hoverbox-block vc-hoverbox-front\" style=\"background-image: url(https:\/\/apaco-vn.com\/wp-content\/uploads\/2022\/05\/IMG_20220407_0855485-1024x766.jpg);\">\n        <div class=\"vc-hoverbox-block-inner vc-hoverbox-front-inner\">\n            \n        <\/div>\n      <\/div>\n      <div class=\"vc-hoverbox-block vc-hoverbox-back\" style=\"background-color: #6dab3c;\">\n        <div class=\"vc-hoverbox-block-inner vc-hoverbox-back-inner\">\n            <h2 style=\"text-align: center;font-family:Abril Fatface;font-weight:400;font-style:normal\" class=\"vc_custom_heading\" >H\u00e0nh Phi APACO<\/h2>\n            <p><span style=\"color: #ffffff;\">H\u00e0nh phi s\u1eb5n v\u00e0ng gi\u00f2n, th\u01a1m ngon, \u0111\u01b0\u1ee3c phi m\u1edbi m\u1ed7i ng\u00e0y.<\/span><\/p>\n<p><span style=\"color: #ffffff;\"><strong>T\u1ef1 c\u00f4ng b\u1ed1 s\u1ea3n ph\u1ea9m s\u1ed1:<\/strong> 02\/CH\u00c2U \u00c1 TH\u00c1I B\u00ccNH D\u01af\u01a0NG \/2021<\/span><\/p>\n<p><span style=\"color: #ffffff;\">APACO cam k\u1ebft h\u00e0nh phi c\u1ee7a ch\u00fang t\u00f4i l\u00e0 s\u1ea3n ph\u1ea9m s\u1ea1ch,<\/span><br \/>\n<span style=\"color: #ffffff;\">\u274c Kh\u00f4ng ch\u1ea5t b\u1ea3o qu\u1ea3n, \u274c kh\u00f4ng ch\u1ea5t t\u1ea1o m\u00e0u nh\u00e2n t\u1ea1o, \u274c kh\u00f4ng ph\u1ee5 gia \u0111\u1ed9c h\u1ea1i, \u274c <a style=\"color: #ffffff;\" href=\"https:\/\/apaco-vn.com\/vi\/2-cach-de-nhat-phan-biet-toi-phi-sach-va-toi-phi-ban\/\" target=\"_blank\" rel=\"noreferrer noopener\" data-type=\"URL\" data-id=\"https:\/\/apaco-vn.com\/?p=3184&amp;fbclid=IwAR0XAyPp-qP53LKA2fSKCsBCC6J5qVeQCrdbv3kYDO7mOqRulxGwoeuf_cM\">kh\u00f4ng s\u00e0i d\u1ea7u chi\u00ean b\u1ea9n<\/a>.<\/span><\/p>\n\n            <div class=\"vc_btn3-container vc_btn3-inline\" >\n\t<a class=\"vc_general vc_btn3 vc_btn3-size-md vc_btn3-shape-rounded vc_btn3-style-modern vc_btn3-color-danger\" href=\"https:\/\/apaco-vn.com\/vi\/hanh-phi-nguyen-chat-apaco-hanh-phi-san-chat-luong\/\" title=\"H\u00e0nh phi nguy\u00ean ch\u1ea5t APACO, x\u01b0\u1edfng s\u1ea3n xu\u1ea5t h\u00e0nh phi ch\u1ea5t l\u01b0\u1ee3ng cao, uy t\u00edn t\u1ea1i TP.HCM\">Xem s\u1ea3n ph\u1ea9m<\/a><\/div>\n\n        <\/div>\n      <\/div>\n    <\/div>\n  <\/div>\n<\/div><div class=\"vc-hoverbox-wrapper  H\u00e0nh T\u00e2y Phi vc-hoverbox-shape--square vc-hoverbox-align--left vc-hoverbox-direction--reverse vc-hoverbox-width--100\" >\n  <div class=\"vc-hoverbox\">\n    <div class=\"vc-hoverbox-inner\">\n      <div class=\"vc-hoverbox-block vc-hoverbox-front\" style=\"background-image: url(https:\/\/apaco-vn.com\/wp-content\/uploads\/2022\/05\/Hanh-tay-phi-hu-500g-1024x1024.jpg);\">\n        <div class=\"vc-hoverbox-block-inner vc-hoverbox-front-inner\">\n            \n        <\/div>\n      <\/div>\n      <div class=\"vc-hoverbox-block vc-hoverbox-back\" style=\"background-color: #f7e922;\">\n        <div class=\"vc-hoverbox-block-inner vc-hoverbox-back-inner\">\n            <h2 style=\"text-align:center\">H\u00e0nh T\u00e2y \u0110\u00e0 L\u1ea1t Phi APACO<\/h2>\n            <p><span style=\"color: #000000;\">H\u00e0nh T\u00e2y Phi l\u00e0 s\u1ea3n ph\u1ea9m \u0111\u01b0\u1ee3c ch\u1ecdn l\u1ecdc t\u1eeb nh\u1eefng c\u1ee7 h\u00e0nh t\u00e2y \u0110\u00e0 L\u1ea1t ch\u1ea5t l\u01b0\u1ee3ng cao, mang h\u01b0\u01a1ng v\u1ecb h\u00e0nh t\u00e2y phi th\u01a1m ng\u1ecdt, gi\u00f2n r\u1ee5m.<\/span><\/p>\n<p><span style=\"color: #000000;\"><strong>T\u1ef1 c\u00f4ng b\u1ed1 s\u1ea3n ph\u1ea9m s\u1ed1:<\/strong> 02\/CH\u00c2U \u00c1 TH\u00c1I B\u00ccNH D\u01af\u01a0NG \/2021<\/span><\/p>\n<p><span style=\"color: #000000;\">APACO cam k\u1ebft h\u00e0nh phi c\u1ee7a ch\u00fang t\u00f4i l\u00e0 s\u1ea3n ph\u1ea9m s\u1ea1ch,<\/span><br \/>\n<span style=\"color: #000000;\">\u274c Kh\u00f4ng ch\u1ea5t b\u1ea3o qu\u1ea3n, \u274c kh\u00f4ng ch\u1ea5t t\u1ea1o m\u00e0u nh\u00e2n t\u1ea1o, \u274c kh\u00f4ng ph\u1ee5 gia \u0111\u1ed9c h\u1ea1i, \u274c <a style=\"color: #000000;\" href=\"https:\/\/apaco-vn.com\/vi\/2-cach-de-nhat-phan-biet-toi-phi-sach-va-toi-phi-ban\/\" target=\"_blank\" rel=\"noreferrer noopener\" data-type=\"URL\" data-id=\"https:\/\/apaco-vn.com\/?p=3184&amp;fbclid=IwAR0XAyPp-qP53LKA2fSKCsBCC6J5qVeQCrdbv3kYDO7mOqRulxGwoeuf_cM\">kh\u00f4ng s\u00e0i d\u1ea7u chi\u00ean b\u1ea9n<\/a>.<\/span><\/p>\n\n            <div class=\"vc_btn3-container vc_btn3-inline\" >\n\t<a class=\"vc_general vc_btn3 vc_btn3-size-md vc_btn3-shape-rounded vc_btn3-style-modern vc_btn3-color-primary\" href=\"https:\/\/apaco-vn.com\/vi\/hanh-tay-chien-gion-apaco-chat-luong-so-1-sai-gon\/\" title=\"H\u00e0nh phi nguy\u00ean ch\u1ea5t APACO, x\u01b0\u1edfng s\u1ea3n xu\u1ea5t h\u00e0nh phi ch\u1ea5t l\u01b0\u1ee3ng cao, uy t\u00edn t\u1ea1i TP.HCM\">Xem s\u1ea3n ph\u1ea9m<\/a><\/div>\n\n        <\/div>\n      <\/div>\n    <\/div>\n  <\/div>\n<\/div><div class=\"vc-hoverbox-wrapper  T\u1ecfi Th\u00e1i L\u00e1t vc-hoverbox-shape--square vc-hoverbox-align--left vc-hoverbox-direction--reverse vc-hoverbox-width--100\" >\n  <div class=\"vc-hoverbox\">\n    <div class=\"vc-hoverbox-inner\">\n      <div class=\"vc-hoverbox-block vc-hoverbox-front\" style=\"background-image: url(https:\/\/apaco-vn.com\/wp-content\/uploads\/2022\/05\/IMG_4490-1024x768.jpg);\">\n        <div class=\"vc-hoverbox-block-inner vc-hoverbox-front-inner\">\n            \n        <\/div>\n      <\/div>\n      <div class=\"vc-hoverbox-block vc-hoverbox-back\" style=\"background-color: #f79468;\">\n        <div class=\"vc-hoverbox-block-inner vc-hoverbox-back-inner\">\n            <h2 style=\"text-align: center;font-family:Abril Fatface;font-weight:400;font-style:normal\" class=\"vc_custom_heading\" >T\u1ecfi Th\u00e1i L\u00e1t Phi APACO<\/h2>\n            <p><span style=\"color: #ffffff;\">T\u1ecfi th\u00e1i l\u00e1t phi s\u1eb5n v\u00e0ng gi\u00f2n, th\u01a1m ngon, \u0111\u01b0\u1ee3c phi m\u1edbi m\u1ed7i ng\u00e0y.<\/span><\/p>\n<p><span style=\"color: #ffffff;\"><strong>T\u1ef1 c\u00f4ng b\u1ed1 s\u1ea3n ph\u1ea9m s\u1ed1:<\/strong> 03\/CH\u00c2U \u00c1 TH\u00c1I B\u00ccNH D\u01af\u01a0NG \/2021<\/span><\/p>\n<p><span style=\"color: #ffffff;\">APACO cam k\u1ebft h\u00e0nh phi c\u1ee7a ch\u00fang t\u00f4i l\u00e0 s\u1ea3n ph\u1ea9m s\u1ea1ch,<\/span><br \/>\n<span style=\"color: #ffffff;\">\u274c Kh\u00f4ng ch\u1ea5t b\u1ea3o qu\u1ea3n, \u274c kh\u00f4ng ch\u1ea5t t\u1ea1o m\u00e0u nh\u00e2n t\u1ea1o, \u274c kh\u00f4ng ph\u1ee5 gia \u0111\u1ed9c h\u1ea1i, \u274c <a style=\"color: #ffffff;\" href=\"https:\/\/apaco-vn.com\/vi\/2-cach-de-nhat-phan-biet-toi-phi-sach-va-toi-phi-ban\/\" target=\"_blank\" rel=\"noreferrer noopener\" data-type=\"URL\" data-id=\"https:\/\/apaco-vn.com\/?p=3184&amp;fbclid=IwAR0XAyPp-qP53LKA2fSKCsBCC6J5qVeQCrdbv3kYDO7mOqRulxGwoeuf_cM\">kh\u00f4ng s\u00e0i d\u1ea7u chi\u00ean b\u1ea9n<\/a>.<\/span><\/p>\n\n            <div class=\"vc_btn3-container vc_btn3-inline\" >\n\t<a class=\"vc_general vc_btn3 vc_btn3-size-md vc_btn3-shape-rounded vc_btn3-style-modern vc_btn3-color-green\" href=\"https:\/\/apaco-vn.com\/vi\/mua-toi-phi-san-toi-phi-xuat-khau-apaco-so-1-sai-gon\/\" title=\"H\u00e0nh phi nguy\u00ean ch\u1ea5t APACO, x\u01b0\u1edfng s\u1ea3n xu\u1ea5t h\u00e0nh phi ch\u1ea5t l\u01b0\u1ee3ng cao, uy t\u00edn t\u1ea1i TP.HCM\">Xem s\u1ea3n ph\u1ea9m<\/a><\/div>\n\n        <\/div>\n      <\/div>\n    <\/div>\n  <\/div>\n<\/div><div class=\"vc-hoverbox-wrapper  T\u1ecfi B\u0103m Phi vc-hoverbox-shape--square vc-hoverbox-align--left vc-hoverbox-direction--reverse vc-hoverbox-width--100\" >\n  <div class=\"vc-hoverbox\">\n    <div class=\"vc-hoverbox-inner\">\n      <div class=\"vc-hoverbox-block vc-hoverbox-front\" style=\"background-image: url(https:\/\/apaco-vn.com\/wp-content\/uploads\/2022\/05\/IMG_20210908_101003-5-1024x766.jpg);\">\n        <div class=\"vc-hoverbox-block-inner vc-hoverbox-front-inner\">\n            \n        <\/div>\n      <\/div>\n      <div class=\"vc-hoverbox-block vc-hoverbox-back\" style=\"background-color: #5aa1e3;\">\n        <div class=\"vc-hoverbox-block-inner vc-hoverbox-back-inner\">\n            <h2 style=\"text-align: center;font-family:Abril Fatface;font-weight:400;font-style:normal\" class=\"vc_custom_heading\" >T\u1ecfi Th\u00e1i L\u00e1t Phi APACO<\/h2>\n            <p><span style=\"color: #ffffff;\">T\u1ecfi th\u00e1i l\u00e1t phi s\u1eb5n v\u00e0ng gi\u00f2n, th\u01a1m ngon, \u0111\u01b0\u1ee3c phi m\u1edbi m\u1ed7i ng\u00e0y.<\/span><\/p>\n<p><span style=\"color: #ffffff;\"><strong>T\u1ef1 c\u00f4ng b\u1ed1 s\u1ea3n ph\u1ea9m s\u1ed1:<\/strong> 03\/CH\u00c2U \u00c1 TH\u00c1I B\u00ccNH D\u01af\u01a0NG \/2021<\/span><\/p>\n<p><span style=\"color: #ffffff;\">APACO cam k\u1ebft h\u00e0nh phi c\u1ee7a ch\u00fang t\u00f4i l\u00e0 s\u1ea3n ph\u1ea9m s\u1ea1ch,<\/span><br \/>\n<span style=\"color: #ffffff;\">\u274c Kh\u00f4ng ch\u1ea5t b\u1ea3o qu\u1ea3n, \u274c kh\u00f4ng ch\u1ea5t t\u1ea1o m\u00e0u nh\u00e2n t\u1ea1o, \u274c kh\u00f4ng ph\u1ee5 gia \u0111\u1ed9c h\u1ea1i, \u274c <a style=\"color: #ffffff;\" href=\"https:\/\/apaco-vn.com\/vi\/2-cach-de-nhat-phan-biet-toi-phi-sach-va-toi-phi-ban\/\" target=\"_blank\" rel=\"noreferrer noopener\" data-type=\"URL\" data-id=\"https:\/\/apaco-vn.com\/?p=3184&amp;fbclid=IwAR0XAyPp-qP53LKA2fSKCsBCC6J5qVeQCrdbv3kYDO7mOqRulxGwoeuf_cM\">kh\u00f4ng s\u00e0i d\u1ea7u chi\u00ean b\u1ea9n<\/a>.<\/span><\/p>\n\n            <div class=\"vc_btn3-container vc_btn3-inline\" >\n\t<a class=\"vc_general vc_btn3 vc_btn3-size-md vc_btn3-shape-rounded vc_btn3-style-modern vc_btn3-color-juicy-pink\" href=\"https:\/\/apaco-vn.com\/vi\/mua-toi-phi-san-toi-phi-xuat-khau-apaco-so-1-sai-gon\/\" title=\"H\u00e0nh phi nguy\u00ean ch\u1ea5t APACO, x\u01b0\u1edfng s\u1ea3n xu\u1ea5t h\u00e0nh phi ch\u1ea5t l\u01b0\u1ee3ng cao, uy t\u00edn t\u1ea1i TP.HCM\">Xem s\u1ea3n ph\u1ea9m<\/a><\/div>\n\n        <\/div>\n      <\/div>\n    <\/div>\n  <\/div>\n<\/div><\/div><\/div><\/div><\/div><div class=\"vc_row wpb_row vc_row-fluid\"><div class=\"wpb_column vc_column_container vc_col-sm-12\"><div class=\"vc_column-inner\"><div class=\"wpb_wrapper\"><\/div><\/div><\/div><\/div>","protected":false},"excerpt":{"rendered":"C\u00f4ng ty TNHH S\u1ea3n xu\u1ea5t &amp; Th\u01b0\u01a1ng m\u1ea1i Ch\u00e2u \u00c1 Th\u00e1i B\u00ecnh D\u01b0\u01a1ng (APACO) \u0111\u01b0\u1ee3c th\u00e0nh l\u1eadp n\u0103m 2012, \u00f4ng T\u0103ng Si\u00eau Ph\u00e1t l\u00e0m gi\u00e1m \u0111\u1ed1c. C\u00f4ng ty APACO chuy\u00ean cung c\u1ea5p c\u00e1c lo\u1ea1i n\u00f4ng s\u1ea3n v\u1edbi ch\u1ea5t l\u01b0\u1ee3ng cao v\u00e0 gi\u00e1 th\u00e0nh t\u1ed1t nh\u1ea5t. V\u1edbi nhi\u1ec1u n\u0103m kinh nghi\u1ec7m trong l\u0129nh v\u1ef1c th\u01b0\u01a1ng m\u1ea1i,<div class=\"clear\"><\/div><a class=\"ReadMore\" href=\"https:\/\/apaco-vn.com\/vi\/blog\/\">Read More<\/a>","protected":false},"author":1,"featured_media":3228,"parent":0,"menu_order":0,"comment_status":"closed","ping_status":"closed","template":"","meta":[],"_links":{"self":[{"href":"https:\/\/apaco-vn.com\/vi\/wp-json\/wp\/v2\/pages\/125"}],"collection":[{"href":"https:\/\/apaco-vn.com\/vi\/wp-json\/wp\/v2\/pages"}],"about":[{"href":"https:\/\/apaco-vn.com\/vi\/wp-json\/wp\/v2\/types\/page"}],"author":[{"embeddable":true,"href":"https:\/\/apaco-vn.com\/vi\/wp-json\/wp\/v2\/users\/1"}],"replies":[{"embeddable":true,"href":"https:\/\/apaco-vn.com\/vi\/wp-json\/wp\/v2\/comments?post=125"}],"version-history":[{"count":6,"href":"https:\/\/apaco-vn.com\/vi\/wp-json\/wp\/v2\/pages\/125\/revisions"}],"predecessor-version":[{"id":3274,"href":"https:\/\/apaco-vn.com\/vi\/wp-json\/wp\/v2\/pages\/125\/revisions\/3274"}],"wp:featuredmedia":[{"embeddable":true,"href":"https:\/\/apaco-vn.com\/vi\/wp-json\/wp\/v2\/media\/3228"}],"wp:attachment":[{"href":"https:\/\/apaco-vn.com\/vi\/wp-json\/wp\/v2\/media?parent=125"}],"curies":[{"name":"wp","href":"https:\/\/api.w.org\/{rel}","templated":true}]}}